{"id":974,"date":"2026-01-21T14:25:24","date_gmt":"2026-01-21T13:25:24","guid":{"rendered":"https:\/\/psicologa-martafernandez.es\/politica-cookies\/"},"modified":"2026-01-21T14:25:44","modified_gmt":"2026-01-21T13:25:44","slug":"politica-cookies","status":"publish","type":"page","link":"https:\/\/psicologa-martafernandez.es\/en\/politica-cookies\/","title":{"rendered":"Cookies Policy"},"content":{"rendered":"<p>https:\/\/psicologa-martafernandez.es se compromete a proteger su privacidad en l\u00ednea. \u00bfQu\u00e9 informaci\u00f3n recopilamos? Recopilamos informaci\u00f3n de usted cuando visita nuestro sitio. Al enviar o registrarse en nuestro sitio, se le puede solicitar que ingrese su: nombre o direcci\u00f3n de correo electr\u00f3nico. Sin embargo, puede visitar nuestro sitio de forma an\u00f3nima. \u00bfPara qu\u00e9 usamos su informaci\u00f3n? Cualquier informaci\u00f3n que recopilemos de usted puede usarse de una de las siguientes maneras: Para mejorar nuestro sitio web Para mejorar el servicio al cliente \u00bfC\u00f3mo protegemos su informaci\u00f3n? Implementamos una variedad de medidas de seguridad para mantener la seguridad de su informaci\u00f3n personal cuando realiza un pedido o ingresa, env\u00eda o accede a su informaci\u00f3n personal. Cookies Las cookies son peque\u00f1os archivos que un sitio o su proveedor de servicios transfiere al disco duro de su computadora a trav\u00e9s de su navegador web (si lo permite) que permite que los sitios o los sistemas de los proveedores de servicios reconozcan su navegador y capturen y recuerden cierta informaci\u00f3n Usamos cookies para comprender y guardar sus preferencias para futuras visitas. Solo pol\u00edtica de privacidad en l\u00ednea Esta pol\u00edtica de privacidad en l\u00ednea se aplica solo a la informaci\u00f3n recopilada a trav\u00e9s de nuestro sitio web y no a la informaci\u00f3n recopilada fuera de l\u00ednea. Cambios en nuestra Pol\u00edtica de Privacidad. Si decidimos cambiar nuestra pol\u00edtica de privacidad, publicaremos dichos cambios en esta p\u00e1gina. Si tiene alguna pregunta o sugerencia sobre nuestra Declaraci\u00f3n de Pol\u00edtica de Privacidad, cont\u00e1ctenos y le responderemos muy pronto.<\/p>\n<h3>INFORMACI\u00d3N DE CONTACTO<\/h3>\n<p>Psic\u00f3loga Marta Fernandez <br \/>Direcci\u00f3n postal: Carrer Tr\u00edas de Bes, 77, Casa D 08440 Cardedeu (Barcelona), Espa\u00f1a<br \/>Tel\u00e9fono: 34 669 602 603<br \/>Carrer Tr\u00edas de Bes, 77, Casa D<br \/>Cardedeu, Barcelona, \u200b\u200b08440<br \/>Espa\u00f1a<br \/>Correo electr\u00f3nico de contacto: armengot@copc.cat.<\/p>\n<p>\u00a0<\/p>\n<p>\u00a0<\/p>\n\n\n<p><\/p>","protected":false},"excerpt":{"rendered":"<p>https:\/\/psicologa-martafernandez.es se compromete a proteger su privacidad en l\u00ednea. \u00bfQu\u00e9 informaci\u00f3n recopilamos? Recopilamos informaci\u00f3n de usted cuando visita nuestro sitio. Al enviar o registrarse en nuestro sitio, se le puede solicitar que ingrese su: nombre o direcci\u00f3n de correo electr\u00f3nico. Sin embargo, puede visitar nuestro sitio de forma an\u00f3nima. \u00bfPara qu\u00e9 usamos su informaci\u00f3n? Cualquier informaci\u00f3n que recopilemos de usted puede usarse de una de las siguientes maneras: Para mejorar nuestro sitio web Para mejorar el servicio al cliente \u00bfC\u00f3mo protegemos su informaci\u00f3n? Implementamos una variedad de medidas de seguridad para mantener la seguridad de su informaci\u00f3n personal cuando realiza un pedido o ingresa, env\u00eda o accede a su informaci\u00f3n personal. Cookies Las cookies son peque\u00f1os archivos que un sitio o su proveedor de servicios transfiere al disco duro de su computadora a trav\u00e9s de su navegador web (si lo permite) que permite que los sitios o los sistemas de los proveedores de servicios reconozcan su navegador y capturen y recuerden cierta informaci\u00f3n Usamos cookies para comprender y guardar sus preferencias para futuras visitas. Solo pol\u00edtica de privacidad en l\u00ednea Esta pol\u00edtica de privacidad en l\u00ednea se aplica solo a la informaci\u00f3n recopilada a trav\u00e9s de nuestro sitio web y no a la informaci\u00f3n recopilada fuera de l\u00ednea. Cambios en nuestra Pol\u00edtica de Privacidad. Si decidimos cambiar nuestra pol\u00edtica de privacidad, publicaremos dichos cambios en esta p\u00e1gina. Si tiene alguna pregunta o sugerencia sobre nuestra Declaraci\u00f3n de Pol\u00edtica de Privacidad, cont\u00e1ctenos y le responderemos muy pronto. INFORMACI\u00d3N DE CONTACTO Psic\u00f3loga Marta Fernandez Direcci\u00f3n postal: Carrer Tr\u00edas de Bes, 77, Casa D 08440 Cardedeu (Barcelona), Espa\u00f1aTel\u00e9fono: 34 669 602 603Carrer Tr\u00edas de Bes, 77, Casa DCardedeu, Barcelona, \u200b\u200b08440Espa\u00f1aCorreo electr\u00f3nico de contacto: armengot@copc.cat. \u00a0 \u00a0<\/p>","protected":false},"author":2,"featured_media":0,"parent":0,"menu_order":0,"comment_status":"closed","ping_status":"closed","template":"","meta":{"footnotes":""},"class_list":["post-974","page","type-page","status-publish","hentry"],"yoast_head":"<!-- This site is optimized with the Yoast SEO plugin v27.0 - https:\/\/yoast.com\/product\/yoast-seo-wordpress\/ -->\n<title>Pol\u00edtica Cookies - Psicologa Marta Fernandez<\/title>\n<meta name=\"robots\" content=\"index, follow, max-snippet:-1, max-image-preview:large, max-video-preview:-1\" \/>\n<link rel=\"canonical\" href=\"https:\/\/psicologa-martafernandez.es\/en\/politica-cookies\/\" \/>\n<meta property=\"og:locale\" content=\"en_GB\" \/>\n<meta property=\"og:type\" content=\"article\" \/>\n<meta property=\"og:title\" content=\"Pol\u00edtica Cookies - Psicologa Marta Fernandez\" \/>\n<meta property=\"og:description\" content=\"https:\/\/psicologa-martafernandez.es se compromete a proteger su privacidad en l\u00ednea. \u00bfQu\u00e9 informaci\u00f3n recopilamos? Recopilamos informaci\u00f3n de usted cuando visita nuestro sitio. Al enviar o registrarse en nuestro sitio, se le puede solicitar que ingrese su: nombre o direcci\u00f3n de correo electr\u00f3nico. Sin embargo, puede visitar nuestro sitio de forma an\u00f3nima. \u00bfPara qu\u00e9 usamos su informaci\u00f3n? Cualquier informaci\u00f3n que recopilemos de usted puede usarse de una de las siguientes maneras: Para mejorar nuestro sitio web Para mejorar el servicio al cliente \u00bfC\u00f3mo protegemos su informaci\u00f3n? Implementamos una variedad de medidas de seguridad para mantener la seguridad de su informaci\u00f3n personal cuando realiza un pedido o ingresa, env\u00eda o accede a su informaci\u00f3n personal. Cookies Las cookies son peque\u00f1os archivos que un sitio o su proveedor de servicios transfiere al disco duro de su computadora a trav\u00e9s de su navegador web (si lo permite) que permite que los sitios o los sistemas de los proveedores de servicios reconozcan su navegador y capturen y recuerden cierta informaci\u00f3n Usamos cookies para comprender y guardar sus preferencias para futuras visitas. Solo pol\u00edtica de privacidad en l\u00ednea Esta pol\u00edtica de privacidad en l\u00ednea se aplica solo a la informaci\u00f3n recopilada a trav\u00e9s de nuestro sitio web y no a la informaci\u00f3n recopilada fuera de l\u00ednea. Cambios en nuestra Pol\u00edtica de Privacidad. Si decidimos cambiar nuestra pol\u00edtica de privacidad, publicaremos dichos cambios en esta p\u00e1gina. Si tiene alguna pregunta o sugerencia sobre nuestra Declaraci\u00f3n de Pol\u00edtica de Privacidad, cont\u00e1ctenos y le responderemos muy pronto. INFORMACI\u00d3N DE CONTACTO Psic\u00f3loga Marta Fernandez Direcci\u00f3n postal: Carrer Tr\u00edas de Bes, 77, Casa D 08440 Cardedeu (Barcelona), Espa\u00f1aTel\u00e9fono: 34 669 602 603Carrer Tr\u00edas de Bes, 77, Casa DCardedeu, Barcelona, \u200b\u200b08440Espa\u00f1aCorreo electr\u00f3nico de contacto: armengot@copc.cat. \u00a0 \u00a0\" \/>\n<meta property=\"og:url\" content=\"https:\/\/psicologa-martafernandez.es\/en\/politica-cookies\/\" \/>\n<meta property=\"og:site_name\" content=\"Psicologa Marta Fernandez\" \/>\n<meta property=\"article:modified_time\" content=\"2026-01-21T13:25:44+00:00\" \/>\n<meta name=\"twitter:card\" content=\"summary_large_image\" \/>\n<meta name=\"twitter:label1\" content=\"Estimated reading time\" \/>\n\t<meta name=\"twitter:data1\" content=\"2 minutes\" \/>\n<script type=\"application\/ld+json\" class=\"yoast-schema-graph\">{\"@context\":\"https:\/\/schema.org\",\"@graph\":[{\"@type\":\"WebPage\",\"@id\":\"https:\/\/psicologa-martafernandez.es\/politica-cookies\/\",\"url\":\"https:\/\/psicologa-martafernandez.es\/politica-cookies\/\",\"name\":\"Pol\u00edtica Cookies - Psicologa Marta Fernandez\",\"isPartOf\":{\"@id\":\"https:\/\/psicologa-martafernandez.es\/#website\"},\"datePublished\":\"2026-01-21T13:25:24+00:00\",\"dateModified\":\"2026-01-21T13:25:44+00:00\",\"breadcrumb\":{\"@id\":\"https:\/\/psicologa-martafernandez.es\/politica-cookies\/#breadcrumb\"},\"inLanguage\":\"en-GB\",\"potentialAction\":[{\"@type\":\"ReadAction\",\"target\":[\"https:\/\/psicologa-martafernandez.es\/politica-cookies\/\"]}]},{\"@type\":\"BreadcrumbList\",\"@id\":\"https:\/\/psicologa-martafernandez.es\/politica-cookies\/#breadcrumb\",\"itemListElement\":[{\"@type\":\"ListItem\",\"position\":1,\"name\":\"Portada\",\"item\":\"https:\/\/psicologa-martafernandez.es\/\"},{\"@type\":\"ListItem\",\"position\":2,\"name\":\"Pol\u00edtica Cookies\"}]},{\"@type\":\"WebSite\",\"@id\":\"https:\/\/psicologa-martafernandez.es\/#website\",\"url\":\"https:\/\/psicologa-martafernandez.es\/\",\"name\":\"Psicologa Marta Fernandez\",\"description\":\"\",\"publisher\":{\"@id\":\"https:\/\/psicologa-martafernandez.es\/#organization\"},\"potentialAction\":[{\"@type\":\"SearchAction\",\"target\":{\"@type\":\"EntryPoint\",\"urlTemplate\":\"https:\/\/psicologa-martafernandez.es\/?s={search_term_string}\"},\"query-input\":{\"@type\":\"PropertyValueSpecification\",\"valueRequired\":true,\"valueName\":\"search_term_string\"}}],\"inLanguage\":\"en-GB\"},{\"@type\":\"Organization\",\"@id\":\"https:\/\/psicologa-martafernandez.es\/#organization\",\"name\":\"Psicologa Marta Fernandez\",\"url\":\"https:\/\/psicologa-martafernandez.es\/\",\"logo\":{\"@type\":\"ImageObject\",\"inLanguage\":\"en-GB\",\"@id\":\"https:\/\/psicologa-martafernandez.es\/#\/schema\/logo\/image\/\",\"url\":\"https:\/\/psicologa-martafernandez.es\/wp-content\/uploads\/2026\/01\/Logo_Marta_Gemini.png\",\"contentUrl\":\"https:\/\/psicologa-martafernandez.es\/wp-content\/uploads\/2026\/01\/Logo_Marta_Gemini.png\",\"width\":919,\"height\":195,\"caption\":\"Psicologa Marta Fernandez\"},\"image\":{\"@id\":\"https:\/\/psicologa-martafernandez.es\/#\/schema\/logo\/image\/\"}}]}<\/script>\n<!-- \/ Yoast SEO plugin. -->","yoast_head_json":{"title":"Pol\u00edtica Cookies - Psicologa Marta Fernandez","robots":{"index":"index","follow":"follow","max-snippet":"max-snippet:-1","max-image-preview":"max-image-preview:large","max-video-preview":"max-video-preview:-1"},"canonical":"https:\/\/psicologa-martafernandez.es\/en\/politica-cookies\/","og_locale":"en_GB","og_type":"article","og_title":"Pol\u00edtica Cookies - Psicologa Marta Fernandez","og_description":"https:\/\/psicologa-martafernandez.es se compromete a proteger su privacidad en l\u00ednea. \u00bfQu\u00e9 informaci\u00f3n recopilamos? Recopilamos informaci\u00f3n de usted cuando visita nuestro sitio. Al enviar o registrarse en nuestro sitio, se le puede solicitar que ingrese su: nombre o direcci\u00f3n de correo electr\u00f3nico. Sin embargo, puede visitar nuestro sitio de forma an\u00f3nima. \u00bfPara qu\u00e9 usamos su informaci\u00f3n? Cualquier informaci\u00f3n que recopilemos de usted puede usarse de una de las siguientes maneras: Para mejorar nuestro sitio web Para mejorar el servicio al cliente \u00bfC\u00f3mo protegemos su informaci\u00f3n? Implementamos una variedad de medidas de seguridad para mantener la seguridad de su informaci\u00f3n personal cuando realiza un pedido o ingresa, env\u00eda o accede a su informaci\u00f3n personal. Cookies Las cookies son peque\u00f1os archivos que un sitio o su proveedor de servicios transfiere al disco duro de su computadora a trav\u00e9s de su navegador web (si lo permite) que permite que los sitios o los sistemas de los proveedores de servicios reconozcan su navegador y capturen y recuerden cierta informaci\u00f3n Usamos cookies para comprender y guardar sus preferencias para futuras visitas. Solo pol\u00edtica de privacidad en l\u00ednea Esta pol\u00edtica de privacidad en l\u00ednea se aplica solo a la informaci\u00f3n recopilada a trav\u00e9s de nuestro sitio web y no a la informaci\u00f3n recopilada fuera de l\u00ednea. Cambios en nuestra Pol\u00edtica de Privacidad. Si decidimos cambiar nuestra pol\u00edtica de privacidad, publicaremos dichos cambios en esta p\u00e1gina. Si tiene alguna pregunta o sugerencia sobre nuestra Declaraci\u00f3n de Pol\u00edtica de Privacidad, cont\u00e1ctenos y le responderemos muy pronto. INFORMACI\u00d3N DE CONTACTO Psic\u00f3loga Marta Fernandez Direcci\u00f3n postal: Carrer Tr\u00edas de Bes, 77, Casa D 08440 Cardedeu (Barcelona), Espa\u00f1aTel\u00e9fono: 34 669 602 603Carrer Tr\u00edas de Bes, 77, Casa DCardedeu, Barcelona, \u200b\u200b08440Espa\u00f1aCorreo electr\u00f3nico de contacto: armengot@copc.cat. \u00a0 \u00a0","og_url":"https:\/\/psicologa-martafernandez.es\/en\/politica-cookies\/","og_site_name":"Psicologa Marta Fernandez","article_modified_time":"2026-01-21T13:25:44+00:00","twitter_card":"summary_large_image","twitter_misc":{"Estimated reading time":"2 minutes"},"schema":{"@context":"https:\/\/schema.org","@graph":[{"@type":"WebPage","@id":"https:\/\/psicologa-martafernandez.es\/politica-cookies\/","url":"https:\/\/psicologa-martafernandez.es\/politica-cookies\/","name":"Pol\u00edtica Cookies - Psicologa Marta Fernandez","isPartOf":{"@id":"https:\/\/psicologa-martafernandez.es\/#website"},"datePublished":"2026-01-21T13:25:24+00:00","dateModified":"2026-01-21T13:25:44+00:00","breadcrumb":{"@id":"https:\/\/psicologa-martafernandez.es\/politica-cookies\/#breadcrumb"},"inLanguage":"en-GB","potentialAction":[{"@type":"ReadAction","target":["https:\/\/psicologa-martafernandez.es\/politica-cookies\/"]}]},{"@type":"BreadcrumbList","@id":"https:\/\/psicologa-martafernandez.es\/politica-cookies\/#breadcrumb","itemListElement":[{"@type":"ListItem","position":1,"name":"Portada","item":"https:\/\/psicologa-martafernandez.es\/"},{"@type":"ListItem","position":2,"name":"Pol\u00edtica Cookies"}]},{"@type":"WebSite","@id":"https:\/\/psicologa-martafernandez.es\/#website","url":"https:\/\/psicologa-martafernandez.es\/","name":"Psychologist Marta Fernandez","description":"","publisher":{"@id":"https:\/\/psicologa-martafernandez.es\/#organization"},"potentialAction":[{"@type":"SearchAction","target":{"@type":"EntryPoint","urlTemplate":"https:\/\/psicologa-martafernandez.es\/?s={search_term_string}"},"query-input":{"@type":"PropertyValueSpecification","valueRequired":true,"valueName":"search_term_string"}}],"inLanguage":"en-GB"},{"@type":"Organization","@id":"https:\/\/psicologa-martafernandez.es\/#organization","name":"Psychologist Marta Fernandez","url":"https:\/\/psicologa-martafernandez.es\/","logo":{"@type":"ImageObject","inLanguage":"en-GB","@id":"https:\/\/psicologa-martafernandez.es\/#\/schema\/logo\/image\/","url":"https:\/\/psicologa-martafernandez.es\/wp-content\/uploads\/2026\/01\/Logo_Marta_Gemini.png","contentUrl":"https:\/\/psicologa-martafernandez.es\/wp-content\/uploads\/2026\/01\/Logo_Marta_Gemini.png","width":919,"height":195,"caption":"Psicologa Marta Fernandez"},"image":{"@id":"https:\/\/psicologa-martafernandez.es\/#\/schema\/logo\/image\/"}}]}},"_links":{"self":[{"href":"https:\/\/psicologa-martafernandez.es\/en\/wp-json\/wp\/v2\/pages\/974","targetHints":{"allow":["GET"]}}],"collection":[{"href":"https:\/\/psicologa-martafernandez.es\/en\/wp-json\/wp\/v2\/pages"}],"about":[{"href":"https:\/\/psicologa-martafernandez.es\/en\/wp-json\/wp\/v2\/types\/page"}],"author":[{"embeddable":true,"href":"https:\/\/psicologa-martafernandez.es\/en\/wp-json\/wp\/v2\/users\/2"}],"replies":[{"embeddable":true,"href":"https:\/\/psicologa-martafernandez.es\/en\/wp-json\/wp\/v2\/comments?post=974"}],"version-history":[{"count":1,"href":"https:\/\/psicologa-martafernandez.es\/en\/wp-json\/wp\/v2\/pages\/974\/revisions"}],"predecessor-version":[{"id":975,"href":"https:\/\/psicologa-martafernandez.es\/en\/wp-json\/wp\/v2\/pages\/974\/revisions\/975"}],"wp:attachment":[{"href":"https:\/\/psicologa-martafernandez.es\/en\/wp-json\/wp\/v2\/media?parent=974"}],"curies":[{"name":"wp","href":"https:\/\/api.w.org\/{rel}","templated":true}]}}